{"id":922,"date":"2018-11-11T10:11:59","date_gmt":"2018-11-11T09:11:59","guid":{"rendered":"http:\/\/tsv-opfenbach.de\/?page_id=922"},"modified":"2019-01-29T23:29:09","modified_gmt":"2019-01-29T22:29:09","slug":"busplan-teamup","status":"publish","type":"page","link":"https:\/\/tsv-opfenbach.de\/?page_id=922","title":{"rendered":"TSV-Busplan"},"content":{"rendered":"\n<iframe src=\"https:\/\/teamup.com\/ks515jzjxrg1ig8w41\" frameborder=\"0\" width=\"100%\" height=\"700\"><\/iframe>Ab 1. Dezember 2018 wird der derzeitige Busplan durch diesen elektronischen ersetzt. Um den Busplan bearbeiten zu k\u00f6nnen, wende Dich bitte an unsern Vorstand Peter Klauber oder Deinen Abteilungsleitung. Du bekommst einen Link, mit dem Du Eintr\u00e4ge und \u00c4nderung selbstst\u00e4ndig vornehmen kannst.\n\n\n\n<p>Vorstand@tsv-Opfenbach.de<\/p>\n","protected":false},"excerpt":{"rendered":"<p>Ab 1. Dezember 2018 wird der derzeitige Busplan durch diesen elektronischen ersetzt. Um den Busplan bearbeiten zu k\u00f6nnen, wende Dich bitte an unsern Vorstand Peter Klauber oder Deinen Abteilungsleitung. Du bekommst einen Link, mit dem Du Eintr\u00e4ge und \u00c4nderung selbstst\u00e4ndig vornehmen kannst. Vorstand@tsv-Opfenbach.de<\/p>\n","protected":false},"author":1,"featured_media":0,"parent":0,"menu_order":0,"comment_status":"open","ping_status":"closed","template":"","meta":{"ngg_post_thumbnail":0,"footnotes":""},"class_list":["post-922","page","type-page","status-publish","hentry"],"_links":{"self":[{"href":"https:\/\/tsv-opfenbach.de\/index.php?rest_route=\/wp\/v2\/pages\/922","targetHints":{"allow":["GET"]}}],"collection":[{"href":"https:\/\/tsv-opfenbach.de\/index.php?rest_route=\/wp\/v2\/pages"}],"about":[{"href":"https:\/\/tsv-opfenbach.de\/index.php?rest_route=\/wp\/v2\/types\/page"}],"author":[{"embeddable":true,"href":"https:\/\/tsv-opfenbach.de\/index.php?rest_route=\/wp\/v2\/users\/1"}],"replies":[{"embeddable":true,"href":"https:\/\/tsv-opfenbach.de\/index.php?rest_route=%2Fwp%2Fv2%2Fcomments&post=922"}],"version-history":[{"count":18,"href":"https:\/\/tsv-opfenbach.de\/index.php?rest_route=\/wp\/v2\/pages\/922\/revisions"}],"predecessor-version":[{"id":1129,"href":"https:\/\/tsv-opfenbach.de\/index.php?rest_route=\/wp\/v2\/pages\/922\/revisions\/1129"}],"wp:attachment":[{"href":"https:\/\/tsv-opfenbach.de\/index.php?rest_route=%2Fwp%2Fv2%2Fmedia&parent=922"}],"curies":[{"name":"wp","href":"https:\/\/api.w.org\/{rel}","templated":true}]}}