{"id":805,"date":"2024-04-21T13:27:21","date_gmt":"2024-04-21T12:27:21","guid":{"rendered":"http:\/\/s522822451.online.de\/?page_id=805"},"modified":"2024-04-21T13:31:16","modified_gmt":"2024-04-21T12:31:16","slug":"kontakt-und-anfahrt","status":"publish","type":"page","link":"https:\/\/tsv-opfenbach.de\/?page_id=805","title":{"rendered":"Kontakt und Anfahrt"},"content":{"rendered":"\t\t<div data-elementor-type=\"wp-page\" data-elementor-id=\"805\" class=\"elementor elementor-805\">\n\t\t\t\t<div class=\"elementor-element elementor-element-7621a62 e-flex e-con-boxed e-con e-parent\" data-id=\"7621a62\" data-element_type=\"container\" data-e-type=\"container\">\n\t\t\t\t\t<div class=\"e-con-inner\">\n\t\t\t\t<div class=\"elementor-element elementor-element-c14029a elementor-widget elementor-widget-text-editor\" data-id=\"c14029a\" data-element_type=\"widget\" data-e-type=\"widget\" data-widget_type=\"text-editor.default\">\n\t\t\t\t\t\t\t\t\t<p>Postalisch wenden Sie sich bitte an unseren 1. Vorsitzenden des TSV Opfenbach:<\/p><p>Turn- und Sportverein Opfenbach 1909 e. V. (TSV Opfenbach), 1. Vorsitzender Peter Klauber<br \/>Ellgasser Stra\u00dfe 4a<br \/>88161 Lindenberg<\/p><p>0170-4886996<\/p><p>vorstand@tsv-opfenbach.de<\/p>\t\t\t\t\t\t\t\t<\/div>\n\t\t\t\t\t<\/div>\n\t\t\t\t<\/div>\n\t\t<div class=\"elementor-element elementor-element-b476460 e-flex e-con-boxed e-con e-parent\" data-id=\"b476460\" data-element_type=\"container\" data-e-type=\"container\">\n\t\t\t\t\t<div class=\"e-con-inner\">\n\t\t\t\t<div class=\"elementor-element elementor-element-2c5eeea elementor-widget elementor-widget-text-editor\" data-id=\"2c5eeea\" data-element_type=\"widget\" data-e-type=\"widget\" data-widget_type=\"text-editor.default\">\n\t\t\t\t\t\t\t\t\t<p>Unsere Sportst\u00e4tten finden Sie an der Bodenseestra\u00dfe 21, 88145 Opfenbach<\/p>\t\t\t\t\t\t\t\t<\/div>\n\t\t\t\t\t<\/div>\n\t\t\t\t<\/div>\n\t\t<div class=\"elementor-element elementor-element-ffd2615 e-flex e-con-boxed e-con e-parent\" data-id=\"ffd2615\" data-element_type=\"container\" data-e-type=\"container\">\n\t\t\t\t\t<div class=\"e-con-inner\">\n\t\t\t\t<div class=\"elementor-element elementor-element-3c9b8b0 elementor-widget elementor-widget-google_maps\" data-id=\"3c9b8b0\" data-element_type=\"widget\" data-e-type=\"widget\" data-widget_type=\"google_maps.default\">\n\t\t\t\t\t\t\t<div class=\"elementor-custom-embed\">\n\t\t\t<iframe loading=\"lazy\"\n\t\t\t\t\tsrc=\"https:\/\/maps.google.com\/maps?q=Bodenseestra%C3%9Fe%2021%2C%2088145%20Opfenbach&#038;t=m&#038;z=10&#038;output=embed&#038;iwloc=near\"\n\t\t\t\t\ttitle=\"Bodenseestra\u00dfe 21, 88145 Opfenbach\"\n\t\t\t\t\taria-label=\"Bodenseestra\u00dfe 21, 88145 Opfenbach\"\n\t\t\t><\/iframe>\n\t\t<\/div>\n\t\t\t\t\t\t<\/div>\n\t\t\t\t\t<\/div>\n\t\t\t\t<\/div>\n\t\t\t\t<\/div>\n\t\t","protected":false},"excerpt":{"rendered":"<p>Postalisch wenden Sie sich bitte an unseren 1. Vorsitzenden des TSV Opfenbach: Turn- und Sportverein Opfenbach 1909 e. V. (TSV Opfenbach), 1. Vorsitzender Peter KlauberEllgasser Stra\u00dfe 4a88161 Lindenberg 0170-4886996 vorstand@tsv-opfenbach.de Unsere Sportst\u00e4tten finden Sie an der Bodenseestra\u00dfe 21, 88145 Opfenbach<\/p>\n","protected":false},"author":1,"featured_media":0,"parent":0,"menu_order":0,"comment_status":"closed","ping_status":"closed","template":"","meta":{"ngg_post_thumbnail":0,"footnotes":""},"class_list":["post-805","page","type-page","status-publish","hentry"],"_links":{"self":[{"href":"https:\/\/tsv-opfenbach.de\/index.php?rest_route=\/wp\/v2\/pages\/805","targetHints":{"allow":["GET"]}}],"collection":[{"href":"https:\/\/tsv-opfenbach.de\/index.php?rest_route=\/wp\/v2\/pages"}],"about":[{"href":"https:\/\/tsv-opfenbach.de\/index.php?rest_route=\/wp\/v2\/types\/page"}],"author":[{"embeddable":true,"href":"https:\/\/tsv-opfenbach.de\/index.php?rest_route=\/wp\/v2\/users\/1"}],"replies":[{"embeddable":true,"href":"https:\/\/tsv-opfenbach.de\/index.php?rest_route=%2Fwp%2Fv2%2Fcomments&post=805"}],"version-history":[{"count":4,"href":"https:\/\/tsv-opfenbach.de\/index.php?rest_route=\/wp\/v2\/pages\/805\/revisions"}],"predecessor-version":[{"id":2599,"href":"https:\/\/tsv-opfenbach.de\/index.php?rest_route=\/wp\/v2\/pages\/805\/revisions\/2599"}],"wp:attachment":[{"href":"https:\/\/tsv-opfenbach.de\/index.php?rest_route=%2Fwp%2Fv2%2Fmedia&parent=805"}],"curies":[{"name":"wp","href":"https:\/\/api.w.org\/{rel}","templated":true}]}}