{"id":728,"date":"2018-11-01T21:08:48","date_gmt":"2018-11-01T21:08:48","guid":{"rendered":"http:\/\/s522822451.online.de\/?page_id=728"},"modified":"2024-04-22T22:12:48","modified_gmt":"2024-04-22T21:12:48","slug":"abteilungen","status":"publish","type":"page","link":"https:\/\/tsv-opfenbach.de\/?page_id=728","title":{"rendered":"Abteilungen"},"content":{"rendered":"<p><strong>Der TSV Opfenbach setzt sich aus folgenden Abteilungen zusammen:<\/strong><\/p>\n<p>Fu\u00dfball<\/p>\n<ul>\n<li><a href=\"https:\/\/tsv-opfenbach.de\/?page_id=2515\">Fu\u00dfball-Jugend<\/a><\/li>\n<li><a href=\"https:\/\/tsv-opfenbach.de\/?page_id=714\">Fu\u00dfball-Aktive und AH<\/a><\/li>\n<\/ul>\n<p><a href=\"https:\/\/tsv-opfenbach.de\/?page_id=1219\">Lauftreff<\/a><\/p>\n<p><a href=\"https:\/\/tsv-opfenbach.de\/?page_id=681\">Tischtennis<\/a><\/p>\n<p><a href=\"https:\/\/tsv-opfenbach.de\/?page_id=703\">Turnen<\/a><\/p>\n<p><a href=\"https:\/\/tsv-opfenbach.de\/?page_id=712\">Volleyball<\/a><\/p>\n<p><a href=\"http:\/\/s522822451.online.de\/ski-alpin\">Ski-Alpin<\/a><\/p>\n","protected":false},"excerpt":{"rendered":"<p>Der TSV Opfenbach setzt sich aus folgenden Abteilungen zusammen: Fu\u00dfball Fu\u00dfball-Jugend Fu\u00dfball-Aktive und AH Lauftreff Tischtennis Turnen Volleyball Ski-Alpin<\/p>\n","protected":false},"author":1,"featured_media":0,"parent":0,"menu_order":0,"comment_status":"closed","ping_status":"closed","template":"","meta":{"ngg_post_thumbnail":0,"footnotes":""},"class_list":["post-728","page","type-page","status-publish","hentry"],"_links":{"self":[{"href":"https:\/\/tsv-opfenbach.de\/index.php?rest_route=\/wp\/v2\/pages\/728","targetHints":{"allow":["GET"]}}],"collection":[{"href":"https:\/\/tsv-opfenbach.de\/index.php?rest_route=\/wp\/v2\/pages"}],"about":[{"href":"https:\/\/tsv-opfenbach.de\/index.php?rest_route=\/wp\/v2\/types\/page"}],"author":[{"embeddable":true,"href":"https:\/\/tsv-opfenbach.de\/index.php?rest_route=\/wp\/v2\/users\/1"}],"replies":[{"embeddable":true,"href":"https:\/\/tsv-opfenbach.de\/index.php?rest_route=%2Fwp%2Fv2%2Fcomments&post=728"}],"version-history":[{"count":9,"href":"https:\/\/tsv-opfenbach.de\/index.php?rest_route=\/wp\/v2\/pages\/728\/revisions"}],"predecessor-version":[{"id":2622,"href":"https:\/\/tsv-opfenbach.de\/index.php?rest_route=\/wp\/v2\/pages\/728\/revisions\/2622"}],"wp:attachment":[{"href":"https:\/\/tsv-opfenbach.de\/index.php?rest_route=%2Fwp%2Fv2%2Fmedia&parent=728"}],"curies":[{"name":"wp","href":"https:\/\/api.w.org\/{rel}","templated":true}]}}