{"id":714,"date":"2018-10-29T21:15:12","date_gmt":"2018-10-29T21:15:12","guid":{"rendered":"http:\/\/s522822451.online.de\/?page_id=714"},"modified":"2024-01-10T22:50:20","modified_gmt":"2024-01-10T21:50:20","slug":"fussball-aktive-ah","status":"publish","type":"page","link":"https:\/\/tsv-opfenbach.de\/?page_id=714","title":{"rendered":"Fu\u00dfball Aktive &#038; AH"},"content":{"rendered":"\t\t<div data-elementor-type=\"wp-post\" data-elementor-id=\"714\" class=\"elementor elementor-714\">\n\t\t\t\t\t\t<section class=\"elementor-section elementor-top-section elementor-element elementor-element-694d2d97 elementor-section-boxed elementor-section-height-default elementor-section-height-default\" data-id=\"694d2d97\" data-element_type=\"section\" data-e-type=\"section\">\n\t\t\t\t\t\t<div class=\"elementor-container elementor-column-gap-default\">\n\t\t\t\t\t<div class=\"elementor-column elementor-col-100 elementor-top-column elementor-element elementor-element-27899212\" data-id=\"27899212\" data-element_type=\"column\" data-e-type=\"column\">\n\t\t\t<div class=\"elementor-widget-wrap elementor-element-populated\">\n\t\t\t\t\t\t<div class=\"elementor-element elementor-element-56770788 elementor-widget elementor-widget-text-editor\" data-id=\"56770788\" data-element_type=\"widget\" data-e-type=\"widget\" data-widget_type=\"text-editor.default\">\n\t\t\t\t\t\t\t\t\t<p><\/p>\n<p>Unsere Fu\u00dfballabteilung wird gef\u00fchrt von Christian Eger und seiner rechten Hand Rainer Farenski. Ansprechpartner der AH ist Stefan Schuster.\u00a0Trainingszeiten\u00a0\u00a0<strong>Aktive\u00a0<\/strong>\u00a0Dienstag und Freitag, jeweils um 19 Uhr\u00a0\u00a0Hallensaison Donnerstag, 20 Uhr.\u00a0<strong>AH<\/strong>\u00a0Donnerstag jeweils um 18.30 Uhr in Abstimmung.\u00a0<span style=\"font-size: 1rem;\">\u00a0<\/span><\/p>\n<p><\/p>\n<p><\/p>\n<p>\u00a0<\/p>\n<p><\/p>\n<p><\/p>\n<p><\/p>\n<p><\/p>\n<p>\u00a0<\/p>\n<p><\/p>\t\t\t\t\t\t\t\t<\/div>\n\t\t\t\t\t<\/div>\n\t\t<\/div>\n\t\t\t\t\t<\/div>\n\t\t<\/section>\n\t\t\t\t<section class=\"elementor-section elementor-top-section elementor-element elementor-element-2f55b09 elementor-section-boxed elementor-section-height-default elementor-section-height-default\" data-id=\"2f55b09\" data-element_type=\"section\" data-e-type=\"section\">\n\t\t\t\t\t\t<div class=\"elementor-container elementor-column-gap-default\">\n\t\t\t\t\t<div class=\"elementor-column elementor-col-50 elementor-top-column elementor-element elementor-element-90442e2\" data-id=\"90442e2\" data-element_type=\"column\" data-e-type=\"column\">\n\t\t\t<div class=\"elementor-widget-wrap elementor-element-populated\">\n\t\t\t\t\t\t<div class=\"elementor-element elementor-element-db2b560 elementor-widget elementor-widget-image\" data-id=\"db2b560\" data-element_type=\"widget\" data-e-type=\"widget\" data-widget_type=\"image.default\">\n\t\t\t\t\t\t\t\t\t\t\t\t\t\t\t<img fetchpriority=\"high\" decoding=\"async\" width=\"525\" height=\"649\" src=\"https:\/\/tsv-opfenbach.de\/wp-content\/uploads\/2022\/04\/IMG_1801-828x1024.jpeg\" class=\"attachment-large size-large wp-image-1947\" alt=\"\" srcset=\"https:\/\/tsv-opfenbach.de\/wp-content\/uploads\/2022\/04\/IMG_1801-828x1024.jpeg 828w, https:\/\/tsv-opfenbach.de\/wp-content\/uploads\/2022\/04\/IMG_1801-243x300.jpeg 243w, https:\/\/tsv-opfenbach.de\/wp-content\/uploads\/2022\/04\/IMG_1801-768x950.jpeg 768w, https:\/\/tsv-opfenbach.de\/wp-content\/uploads\/2022\/04\/IMG_1801-1242x1536.jpeg 1242w, https:\/\/tsv-opfenbach.de\/wp-content\/uploads\/2022\/04\/IMG_1801-1656x2048.jpeg 1656w, https:\/\/tsv-opfenbach.de\/wp-content\/uploads\/2022\/04\/IMG_1801.jpeg 1777w\" sizes=\"100vw\" \/>\t\t\t\t\t\t\t\t\t\t\t\t\t\t\t<\/div>\n\t\t\t\t\t<\/div>\n\t\t<\/div>\n\t\t\t\t<div class=\"elementor-column elementor-col-50 elementor-top-column elementor-element elementor-element-6b52b74\" data-id=\"6b52b74\" data-element_type=\"column\" data-e-type=\"column\">\n\t\t\t<div class=\"elementor-widget-wrap elementor-element-populated\">\n\t\t\t\t\t\t<div class=\"elementor-element elementor-element-79fc8fb elementor-widget elementor-widget-text-editor\" data-id=\"79fc8fb\" data-element_type=\"widget\" data-e-type=\"widget\" data-widget_type=\"text-editor.default\">\n\t\t\t\t\t\t\t\t\t<p>Abteilungsleiter Fu\u00dfball-Aktiv<\/p>\n<p>Christian Eger<\/p>\n<p>0151-40344284<\/p>\n<p>fussball@tsv-opfenbach.de<\/p>\t\t\t\t\t\t\t\t<\/div>\n\t\t\t\t\t<\/div>\n\t\t<\/div>\n\t\t\t\t\t<\/div>\n\t\t<\/section>\n\t\t\t\t<section class=\"elementor-section elementor-top-section elementor-element elementor-element-ebade5b elementor-section-boxed elementor-section-height-default elementor-section-height-default\" data-id=\"ebade5b\" data-element_type=\"section\" data-e-type=\"section\">\n\t\t\t\t\t\t<div class=\"elementor-container elementor-column-gap-default\">\n\t\t\t\t\t<div class=\"elementor-column elementor-col-50 elementor-top-column elementor-element elementor-element-4175428\" data-id=\"4175428\" data-element_type=\"column\" data-e-type=\"column\">\n\t\t\t<div class=\"elementor-widget-wrap elementor-element-populated\">\n\t\t\t\t\t\t<div class=\"elementor-element elementor-element-564b1c8 elementor-widget elementor-widget-image\" data-id=\"564b1c8\" data-element_type=\"widget\" data-e-type=\"widget\" data-widget_type=\"image.default\">\n\t\t\t\t\t\t\t\t\t\t\t\t\t\t\t<img decoding=\"async\" width=\"150\" height=\"200\" src=\"https:\/\/tsv-opfenbach.de\/wp-content\/uploads\/2018\/11\/image-2.png\" class=\"attachment-large size-large wp-image-850\" alt=\"\" sizes=\"100vw\" \/>\t\t\t\t\t\t\t\t\t\t\t\t\t\t\t<\/div>\n\t\t\t\t\t<\/div>\n\t\t<\/div>\n\t\t\t\t<div class=\"elementor-column elementor-col-50 elementor-top-column elementor-element elementor-element-ea2f541\" data-id=\"ea2f541\" data-element_type=\"column\" data-e-type=\"column\">\n\t\t\t<div class=\"elementor-widget-wrap elementor-element-populated\">\n\t\t\t\t\t\t<div class=\"elementor-element elementor-element-8df89cb elementor-widget elementor-widget-text-editor\" data-id=\"8df89cb\" data-element_type=\"widget\" data-e-type=\"widget\" data-widget_type=\"text-editor.default\">\n\t\t\t\t\t\t\t\t\t<p>Kassier und Spielleiter Fu\u00dfball<\/p>\n<p>Rainer Farenski<\/p>\n<p>08385-921779<\/p>\n<p>mitgliederverwaltung@tsv-opfenbach.de<\/p>\t\t\t\t\t\t\t\t<\/div>\n\t\t\t\t\t<\/div>\n\t\t<\/div>\n\t\t\t\t\t<\/div>\n\t\t<\/section>\n\t\t\t\t<section class=\"elementor-section elementor-top-section elementor-element elementor-element-157f932 elementor-section-boxed elementor-section-height-default elementor-section-height-default\" data-id=\"157f932\" data-element_type=\"section\" data-e-type=\"section\">\n\t\t\t\t\t\t<div class=\"elementor-container elementor-column-gap-default\">\n\t\t\t\t\t<div class=\"elementor-column elementor-col-50 elementor-top-column elementor-element elementor-element-deb42ed\" data-id=\"deb42ed\" data-element_type=\"column\" data-e-type=\"column\">\n\t\t\t<div class=\"elementor-widget-wrap elementor-element-populated\">\n\t\t\t\t\t\t<div class=\"elementor-element elementor-element-4d9ebbb elementor-widget elementor-widget-image\" data-id=\"4d9ebbb\" data-element_type=\"widget\" data-e-type=\"widget\" data-widget_type=\"image.default\">\n\t\t\t\t\t\t\t\t\t\t\t\t\t\t\t<img decoding=\"async\" width=\"137\" height=\"200\" src=\"https:\/\/tsv-opfenbach.de\/wp-content\/uploads\/2018\/11\/image-3.png\" class=\"attachment-large size-large wp-image-851\" alt=\"\" sizes=\"100vw\" \/>\t\t\t\t\t\t\t\t\t\t\t\t\t\t\t<\/div>\n\t\t\t\t\t<\/div>\n\t\t<\/div>\n\t\t\t\t<div class=\"elementor-column elementor-col-50 elementor-top-column elementor-element elementor-element-80489a4\" data-id=\"80489a4\" data-element_type=\"column\" data-e-type=\"column\">\n\t\t\t<div class=\"elementor-widget-wrap elementor-element-populated\">\n\t\t\t\t\t\t<div class=\"elementor-element elementor-element-b494731 elementor-widget elementor-widget-text-editor\" data-id=\"b494731\" data-element_type=\"widget\" data-e-type=\"widget\" data-widget_type=\"text-editor.default\">\n\t\t\t\t\t\t\t\t\t<p>Abteilungsleiter AH<\/p><p>Stefan Schuster<\/p><p>fussball.ah@tsv-opfenbach.de<\/p><p>\u00a0<\/p>\t\t\t\t\t\t\t\t<\/div>\n\t\t\t\t\t<\/div>\n\t\t<\/div>\n\t\t\t\t\t<\/div>\n\t\t<\/section>\n\t\t\t\t<section class=\"elementor-section elementor-top-section elementor-element elementor-element-0197815 elementor-section-boxed elementor-section-height-default elementor-section-height-default\" data-id=\"0197815\" data-element_type=\"section\" data-e-type=\"section\">\n\t\t\t\t\t\t<div class=\"elementor-container elementor-column-gap-default\">\n\t\t\t\t\t<div class=\"elementor-column elementor-col-50 elementor-top-column elementor-element elementor-element-79f7c36\" data-id=\"79f7c36\" data-element_type=\"column\" data-e-type=\"column\">\n\t\t\t<div class=\"elementor-widget-wrap elementor-element-populated\">\n\t\t\t\t\t\t<div class=\"elementor-element elementor-element-ff95899 elementor-widget elementor-widget-text-editor\" data-id=\"ff95899\" data-element_type=\"widget\" data-e-type=\"widget\" data-widget_type=\"text-editor.default\">\n\t\t\t\t\t\t\t\t\t<p>Die Spielst\u00e4tte der Heimspiele des TSV Opfenbach finden Sie an der\u00a0<a href=\"https:\/\/goo.gl\/maps\/x6zwWYc7Zov\">Bodenseestra\u00dfe 21, 88145 Opfenbach<\/a>. Bitte achten Sie darauf, dass die Spielst\u00e4tten der Jugendspiele der SG Westallg\u00e4u teils auf den Pl\u00e4tzen der Vereine in der Spielgemeinschaft ausgetragen werden. N\u00e4here Infos zu den Spielen finden Sie\u00a0<a href=\"http:\/\/www.fussball.de\/verein\/tsv-opfenbach-wuerttemberg\/-\/id\/00ES8GNB1000000SVV0AG08LVUPGND5I#!\/\" target=\"_blank\" rel=\"noreferrer noopener\">hier<\/a>.<\/p>\t\t\t\t\t\t\t\t<\/div>\n\t\t\t\t\t<\/div>\n\t\t<\/div>\n\t\t\t\t<div class=\"elementor-column elementor-col-50 elementor-top-column elementor-element elementor-element-d1995fa\" data-id=\"d1995fa\" data-element_type=\"column\" data-e-type=\"column\">\n\t\t\t<div class=\"elementor-widget-wrap\">\n\t\t\t\t\t\t\t<\/div>\n\t\t<\/div>\n\t\t\t\t\t<\/div>\n\t\t<\/section>\n\t\t\t\t<section class=\"elementor-section elementor-top-section elementor-element elementor-element-5f2efbc elementor-section-boxed elementor-section-height-default elementor-section-height-default\" data-id=\"5f2efbc\" data-element_type=\"section\" data-e-type=\"section\">\n\t\t\t\t\t\t<div class=\"elementor-container elementor-column-gap-default\">\n\t\t\t\t\t<div class=\"elementor-column elementor-col-100 elementor-top-column elementor-element elementor-element-ad48a56\" data-id=\"ad48a56\" data-element_type=\"column\" data-e-type=\"column\">\n\t\t\t<div class=\"elementor-widget-wrap\">\n\t\t\t\t\t\t\t<\/div>\n\t\t<\/div>\n\t\t\t\t\t<\/div>\n\t\t<\/section>\n\t\t<div class=\"elementor-element elementor-element-15cba22 e-flex e-con-boxed e-con e-parent\" data-id=\"15cba22\" data-element_type=\"container\" data-e-type=\"container\">\n\t\t\t\t\t<div class=\"e-con-inner\">\n\t\t\t\t\t<\/div>\n\t\t\t\t<\/div>\n\t\t<div class=\"elementor-element elementor-element-59b7859 e-flex e-con-boxed e-con e-parent\" data-id=\"59b7859\" data-element_type=\"container\" data-e-type=\"container\">\n\t\t\t\t\t<div class=\"e-con-inner\">\n\t\t\t\t<div class=\"elementor-element elementor-element-0ed5b40 elementor-widget elementor-widget-image\" data-id=\"0ed5b40\" data-element_type=\"widget\" data-e-type=\"widget\" data-widget_type=\"image.default\">\n\t\t\t\t\t\t\t\t\t\t\t\t<figure class=\"wp-caption\">\n\t\t\t\t\t\t\t\t\t\t\t<a href=\"https:\/\/www.instagram.com\/tsv_opfenbach_fussball?utm_source=ig_web_button_share_sheet&#038;igsh=ZDNlZDc0MzIxNw==\" target=\"_blank\">\n\t\t\t\t\t\t\t<img decoding=\"async\" src=\"https:\/\/tsv-opfenbach.de\/wp-content\/uploads\/elementor\/thumbs\/OIP.OaA1UyS1Zq3dW4ztbuK9EgHaHW-qi4gd72wuy0w9pypvbvg71sog5ga9f45v3gtefjaes.jpeg\" title=\"OIP.OaA1UyS1Zq3dW4ztbuK9EgHaHW\" alt=\"OIP.OaA1UyS1Zq3dW4ztbuK9EgHaHW\" loading=\"lazy\" \/>\t\t\t\t\t\t\t\t<\/a>\n\t\t\t\t\t\t\t\t\t\t\t<figcaption class=\"widget-image-caption wp-caption-text\">TSV Opfenbach Aktive auf Instagram<\/figcaption>\n\t\t\t\t\t\t\t\t\t\t<\/figure>\n\t\t\t\t\t\t\t\t\t<\/div>\n\t\t\t\t\t<\/div>\n\t\t\t\t<\/div>\n\t\t\t\t<\/div>\n\t\t","protected":false},"excerpt":{"rendered":"<p>Unsere Fu\u00dfballabteilung wird gef\u00fchrt von Christian Eger und seiner rechten Hand Rainer Farenski. Ansprechpartner der AH ist Stefan Schuster.\u00a0Trainingszeiten\u00a0\u00a0Aktive\u00a0\u00a0Dienstag und Freitag, jeweils um 19 Uhr\u00a0\u00a0Hallensaison Donnerstag, 20 Uhr.\u00a0AH\u00a0Donnerstag jeweils um 18.30 Uhr in Abstimmung.\u00a0\u00a0 \u00a0 \u00a0 Abteilungsleiter Fu\u00dfball-Aktiv Christian Eger 0151-40344284 fussball@tsv-opfenbach.de Kassier und Spielleiter Fu\u00dfball Rainer Farenski 08385-921779 mitgliederverwaltung@tsv-opfenbach.de Abteilungsleiter AH Stefan Schuster fussball.ah@tsv-opfenbach.de &hellip; <\/p>\n<p class=\"link-more\"><a href=\"https:\/\/tsv-opfenbach.de\/?page_id=714\" class=\"more-link\"><span class=\"screen-reader-text\">\u201eFu\u00dfball Aktive &#038; AH\u201c <\/span>weiterlesen<\/a><\/p>\n","protected":false},"author":1,"featured_media":0,"parent":0,"menu_order":0,"comment_status":"closed","ping_status":"closed","template":"","meta":{"ngg_post_thumbnail":0,"footnotes":""},"class_list":["post-714","page","type-page","status-publish","hentry"],"_links":{"self":[{"href":"https:\/\/tsv-opfenbach.de\/index.php?rest_route=\/wp\/v2\/pages\/714","targetHints":{"allow":["GET"]}}],"collection":[{"href":"https:\/\/tsv-opfenbach.de\/index.php?rest_route=\/wp\/v2\/pages"}],"about":[{"href":"https:\/\/tsv-opfenbach.de\/index.php?rest_route=\/wp\/v2\/types\/page"}],"author":[{"embeddable":true,"href":"https:\/\/tsv-opfenbach.de\/index.php?rest_route=\/wp\/v2\/users\/1"}],"replies":[{"embeddable":true,"href":"https:\/\/tsv-opfenbach.de\/index.php?rest_route=%2Fwp%2Fv2%2Fcomments&post=714"}],"version-history":[{"count":48,"href":"https:\/\/tsv-opfenbach.de\/index.php?rest_route=\/wp\/v2\/pages\/714\/revisions"}],"predecessor-version":[{"id":2546,"href":"https:\/\/tsv-opfenbach.de\/index.php?rest_route=\/wp\/v2\/pages\/714\/revisions\/2546"}],"wp:attachment":[{"href":"https:\/\/tsv-opfenbach.de\/index.php?rest_route=%2Fwp%2Fv2%2Fmedia&parent=714"}],"curies":[{"name":"wp","href":"https:\/\/api.w.org\/{rel}","templated":true}]}}