{"id":681,"date":"2018-10-23T21:57:05","date_gmt":"2018-10-23T21:57:05","guid":{"rendered":"http:\/\/s522822451.online.de\/?page_id=681"},"modified":"2024-11-01T15:07:34","modified_gmt":"2024-11-01T14:07:34","slug":"tischtennis","status":"publish","type":"page","link":"https:\/\/tsv-opfenbach.de\/?page_id=681","title":{"rendered":"Tischtennis"},"content":{"rendered":"\t\t<div data-elementor-type=\"wp-page\" data-elementor-id=\"681\" class=\"elementor elementor-681\">\n\t\t\t\t<div class=\"elementor-element elementor-element-13dc5ae4 e-flex e-con-boxed e-con e-parent\" data-id=\"13dc5ae4\" data-element_type=\"container\" data-e-type=\"container\">\n\t\t\t\t\t<div class=\"e-con-inner\">\n\t\t\t\t<div class=\"elementor-element elementor-element-64db7097 elementor-widget elementor-widget-text-editor\" data-id=\"64db7097\" data-element_type=\"widget\" data-e-type=\"widget\" data-widget_type=\"text-editor.default\">\n\t\t\t\t\t\t\t\t\t<p><\/p>\n<p><\/p>\n<p><strong>Abteilungsleiterin<\/strong><br \/>Laura Elmenthaler<\/p>\n<p>Mobil: 0160-93304638<br \/><a href=\"https:\/\/mein.ionos.de\/email-account-details\/forward\/51052006\">tischtennis@tsv-opfenbach.de<\/a><\/p>\n<div class=\"separator\">\u00a0<\/div>\n<p><strong>Jugendleiter<\/strong><br \/>Nicht besetzt: Kontakt an Laura Elmenthaler<br \/><a href=\"https:\/\/mein.ionos.de\/email-account-details\/forward\/51052174\">tischtennis.jugend@tsv-opfenbach.de<\/a><\/p>\n<p><strong>Trainingszeiten<\/strong><\/p>\n<p><\/p>\n<figure class=\"wp-block-table is-style-stripes\">\n<table>\n<tbody>\n<tr>\n<td>Dienstag, 18.30 &#8211; 20.00<\/td>\n<td>Jugend Aktive<\/td>\n<td>Marius Holzer<\/td>\n<\/tr>\n<tr>\n<td>Dienstag, 20.00 &#8211; 22.15<\/td>\n<td>Aktive<\/td>\n<td>Peter Klauber<\/td>\n<\/tr>\n<tr>\n<td>Freitag, 18.30 &#8211; 20.00<\/td>\n<td>Offenes Training<\/td>\n<td>\u00a0<\/td>\n<\/tr>\n<\/tbody>\n<\/table>\n<\/figure>\n<p><\/p>\n<p><\/p>\n<p><strong><u>Mannschaften:<\/u><\/strong><\/p>\n<p><\/p>\n<p><\/p>\n<p><strong>Herren Kreisliga A<\/strong><\/p>\n<p><\/p>\n<p><\/p>\n<p>Mannschaftsf\u00fchrer: Peter Klauber<\/p>\n<p><\/p>\n<p><\/p>\n<p><strong>Herren 2 Kreisklasse<\/strong><\/p>\n<p><\/p>\n<p><\/p>\n<p>Mannschaftsf\u00fchrer: Stefan Brugger<\/p>\n<p><\/p>\n<p><\/p>\n<p><\/p>\n<p><\/p>\n<p><strong>Jungen 19 Kreisliga B<\/strong><\/p>\n<p><\/p>\n<p><\/p>\n<p>Mannschaftsf\u00fchrer:\u00a0<\/p>\n<p>Marius Holzer<\/p>\n<p><\/p>\n<p><\/p>\n<p><\/p>\n<p><\/p>\n<p><\/p>\n<p><\/p>\n<p>Den Spielplan zur Saison 2024\/25 <a href=\"https:\/\/tsv-opfenbach.de\/wp-content\/uploads\/2024\/11\/3596_20241027092359842_gm76WL31_ScheduleReportFOP_241027_092423.pdf\">gibt\u2019s hier als PDF<\/a><a href=\"https:\/\/tsv-opfenbach.de\/wp-content\/uploads\/2018\/11\/TT-Spielplan_2018_19.pdf\" target=\"_blank\" rel=\"noreferrer noopener\">.<\/a><\/p>\n<p><\/p>\n<p><\/p>\n<p>Berichte der Tischtennisabteilung sind auf der\u00a0<a href=\"http:\/\/www.tsv-opfenbach.de\/\" target=\"_blank\" rel=\"noreferrer noopener\">Startseite<\/a>\u00a0zu finden oder zusammengefasst unter dem\u00a0<a href=\"https:\/\/tsv-opfenbach.de\/category\/tischtennis\" target=\"_blank\" rel=\"noreferrer noopener\">Label \u201eTischtennis\u201c<\/a>.<\/p>\n<p><\/p>\n<p><\/p>\n<p><\/p>\n<p><\/p>\n<p><strong><a href=\"https:\/\/tsv-opfenbach.de\/?page_id=805\">Spielst\u00e4tte der Heimspiele:<\/a><\/strong><\/p>\n<p><\/p>\n<p><\/p>\n<p>Kultur- und Sportzentrum<\/p>\n<p><\/p>\n<p><\/p>\n<p>Bodenseestr. 21<\/p>\n<p><\/p>\n<p><\/p>\n<p>88145 Opfenbach<\/p>\n<p><\/p>\n<p><\/p>\n<p><\/p>\t\t\t\t\t\t\t\t<\/div>\n\t\t\t\t\t<\/div>\n\t\t\t\t<\/div>\n\t\t\t\t<\/div>\n\t\t","protected":false},"excerpt":{"rendered":"<p>AbteilungsleiterinLaura Elmenthaler Mobil: 0160-93304638tischtennis@tsv-opfenbach.de \u00a0 JugendleiterNicht besetzt: Kontakt an Laura Elmenthalertischtennis.jugend@tsv-opfenbach.de Trainingszeiten Dienstag, 18.30 &#8211; 20.00 Jugend Aktive Marius Holzer Dienstag, 20.00 &#8211; 22.15 Aktive Peter Klauber Freitag, 18.30 &#8211; 20.00 Offenes Training \u00a0 Mannschaften: Herren Kreisliga A Mannschaftsf\u00fchrer: Peter Klauber Herren 2 Kreisklasse Mannschaftsf\u00fchrer: Stefan Brugger Jungen 19 Kreisliga B Mannschaftsf\u00fchrer:\u00a0 Marius Holzer Den &hellip; <\/p>\n<p class=\"link-more\"><a href=\"https:\/\/tsv-opfenbach.de\/?page_id=681\" class=\"more-link\"><span class=\"screen-reader-text\">\u201eTischtennis\u201c <\/span>weiterlesen<\/a><\/p>\n","protected":false},"author":1,"featured_media":0,"parent":0,"menu_order":0,"comment_status":"closed","ping_status":"closed","template":"","meta":{"ngg_post_thumbnail":0,"footnotes":""},"class_list":["post-681","page","type-page","status-publish","hentry"],"_links":{"self":[{"href":"https:\/\/tsv-opfenbach.de\/index.php?rest_route=\/wp\/v2\/pages\/681","targetHints":{"allow":["GET"]}}],"collection":[{"href":"https:\/\/tsv-opfenbach.de\/index.php?rest_route=\/wp\/v2\/pages"}],"about":[{"href":"https:\/\/tsv-opfenbach.de\/index.php?rest_route=\/wp\/v2\/types\/page"}],"author":[{"embeddable":true,"href":"https:\/\/tsv-opfenbach.de\/index.php?rest_route=\/wp\/v2\/users\/1"}],"replies":[{"embeddable":true,"href":"https:\/\/tsv-opfenbach.de\/index.php?rest_route=%2Fwp%2Fv2%2Fcomments&post=681"}],"version-history":[{"count":14,"href":"https:\/\/tsv-opfenbach.de\/index.php?rest_route=\/wp\/v2\/pages\/681\/revisions"}],"predecessor-version":[{"id":2707,"href":"https:\/\/tsv-opfenbach.de\/index.php?rest_route=\/wp\/v2\/pages\/681\/revisions\/2707"}],"wp:attachment":[{"href":"https:\/\/tsv-opfenbach.de\/index.php?rest_route=%2Fwp%2Fv2%2Fmedia&parent=681"}],"curies":[{"name":"wp","href":"https:\/\/api.w.org\/{rel}","templated":true}]}}