{"id":2551,"date":"2024-01-23T20:59:02","date_gmt":"2024-01-23T19:59:02","guid":{"rendered":"https:\/\/tsv-opfenbach.de\/?page_id=2551"},"modified":"2024-12-08T10:07:10","modified_gmt":"2024-12-08T09:07:10","slug":"impressum-datenschutzrichtlinie","status":"publish","type":"page","link":"https:\/\/tsv-opfenbach.de\/?page_id=2551","title":{"rendered":"Impressum + Datenschutzrichtlinie + Beitrittserkl\u00e4rung"},"content":{"rendered":"\n<p><strong>Anbieter<\/strong><\/p>\n\n\n\n<p>Turn- und Sportverein Opfenbach 1909 e. V. (TSV Opfenbach), 1. Vorsitzender Peter Klauber<br>Ellgasser Stra\u00dfe 4a<br>88161 Lindenberg<\/p>\n\n\n\n<p>0170-4886996<\/p>\n\n\n\n<p>vorstand@tsv-opfenbach.de<\/p>\n\n\n\n<div class=\"wp-block-buttons is-layout-flex wp-block-buttons-is-layout-flex\">\n<div class=\"wp-block-button\"><a class=\"wp-block-button__link wp-element-button\" href=\"https:\/\/tsv-opfenbach.de\/wp-content\/uploads\/2023\/02\/Beitrittserklaerung_SEPA_2020_02.pdf\">Beitrittserkl\u00e4rung<\/a><\/div>\n<\/div>\n\n\n\n<p><strong>Sitz<\/strong>:<\/p>\n\n\n\n<p>Amtsgericht Kempten\/Registergericht, V 30161<\/p>\n\n\n\n<p><strong>Vorstand<\/strong>:<br>Peter Klauber<\/p>\n\n\n\n<p>Vertretungsberechtigter Vorstand (\u00a726 BGB)<\/p>\n\n\n\n<p>Manfred Reis, 88138 Sigmarszell<\/p>\n\n\n\n<p><strong>Verantwortlicher im Vorstand:<\/strong><\/p>\n\n\n\n<p>Peter Klauber, 1. Vorsitzender<\/p>\n\n\n\n<p><a href=\"https:\/\/tsv-opfenbach.de\/wp-content\/uploads\/2019\/11\/20190829-Satzung-aktuell.pdf\">Vereinssatzung (Stand 29.08.2019)<\/a><\/p>\n\n\n\n<p><strong>Verantwortlich f\u00fcr die Gestaltung und den Inhalt der Internetseite:<\/strong><\/p>\n\n\n\n<p>Simon Baur, webmaster@tsv-opfenbach.de<\/p>\n\n\n\n<p><strong>Datenschutzrichtlinie des TSV Opfenbach 1909 e. V.&nbsp;<\/strong><\/p>\n\n\n\n<p>Diese datenschutzrechtliche Information nach Art. 13 DSGVO gilt f\u00fcr die Erhebung und Verarbeitung personenbezogener Daten.&nbsp;<a href=\"https:\/\/tsv-opfenbach.de\/wp-content\/uploads\/2018\/11\/Datenschutzerkl\u00e4rung.pdf\">Die separate&nbsp;Datenschutzerkl\u00e4rung<\/a><a href=\"https:\/\/web.archive.org\/web\/20210620004121\/https:\/\/www.blogger.com\/null\">&nbsp;<\/a>[SB1]&nbsp;[SB2]&nbsp;zur Erhebung personenbezogener Daten \u00fcber die Webseite des Vereins (<a href=\"https:\/\/web.archive.org\/web\/20210620004121\/http:\/\/www.tsv-opfenbach.de\/\">www.tsv-opfenbach.de<\/a>) wird auf der genannten Internetseite f\u00fcr die Besucher der Webseite bereitgestellt.[SB3]<\/p>\n\n\n\n<p><a href=\"https:\/\/tsv-opfenbach.de\/wp-content\/uploads\/2018\/11\/Datenschutzerkl\u00e4rung.pdf\">Datenschutzerkl\u00e4rung als PD<\/a><a href=\"https:\/\/web.archive.org\/web\/20210620004121\/https:\/\/tsv-opfenbach.de\/wp-content\/uploads\/2018\/11\/Datenschutzerkl%C3%A4rung.pdf\">F&nbsp;<\/a><\/p>\n\n\n\n<p><a href=\"https:\/\/tsv-opfenbach.de\/wp-content\/uploads\/2018\/11\/Datenschutzerkl\u00e4rung-durch-die-Sorgeberechtigten.pdf\">Datenschutzerkl\u00e4rung durch die Sorgeberechtigten als PDF<\/a><\/p>\n\n\n\n<p><a href=\"https:\/\/tsv-opfenbach.de\/wp-content\/uploads\/2018\/11\/Datenschutzerkl\u00e4rung-durch-die-Sorgeberechtigten-Nichtmitglieder.pdf\">Datenschutzerkl\u00e4rung durch die Sorgeberechtigten Nichtmitglieder als PDF<\/a><\/p>\n\n\n\n<ol class=\"wp-block-list\">\n<li><strong>Verantwortlichkeit<\/strong><\/li>\n<\/ol>\n\n\n\n<p>Verantwortlich f\u00fcr die Verarbeitung Ihrer personenbezogenen Daten ist der<\/p>\n\n\n\n<p><em>a: 1. Vorsitzende: Peter Klauber, Ellgasser Stra\u00dfe 4a, 88161 Lindenberg<\/em><\/p>\n\n\n\n<p><em>b: Kassier\/Mitgliederverwalter, Rainer Farenski, Am Kl\u00f6sterle 5, 88145 Opfenbach<\/em><\/p>\n\n\n\n<p><em>Turn- und Sportverein Opfenbach 1909 e.V.,  Ellgasser S<\/em>tra\u00dfe 4a, 88145 Opfenbach<\/p>\n\n\n\n<p><em>gesetzlich vertreten durch den Vorstand nach \u00a7 26 BGB, Herrn Peter Klauber und Herrn Manfred Reis E-Mail:&nbsp;<\/em><a href=\"https:\/\/web.archive.org\/web\/20210620004121\/https:\/\/tsv-opfenbach.de\/vorstand@tsv-opfenbach.de\"><em>vorstand@tsv-opfenbach.de<\/em><\/a><\/p>\n\n\n\n<ol start=\"2\" class=\"wp-block-list\">\n<li><strong>Kontaktdaten des Datenschutzbeauftragten des Sportvereins<\/strong><\/li>\n\n\n\n<li><em><strong>Vorsitzender Peter Klauber s. oben.<\/strong><\/em><\/li>\n\n\n\n<li><strong>Zwecke, f\u00fcr die personenbezogenen Daten verarbeitet werden:<\/strong><\/li>\n<\/ol>\n\n\n\n<p>Zur Erf\u00fcllung der satzungsgem\u00e4\u00dfen Aufgaben des Vereines und der Verpflichtungen, die sich aus der Mitgliedschaft im Bayerischen Landes-Sportverband e.V. (BLSV)&nbsp;[und aus der Mitgliedschaft in dessen zust\u00e4ndigen Sportfachverb\u00e4nden]ergeben, werden im Verein unter Beachtung der rechtlichen Vorschriften, insbesondere der EU-Datenschutzgrundverordnung (DSGVO) sowie des Bundesdatenschutzgesetzes (BDSG) folgende personenbezogene Daten voan Vereinsmitgliedern (von Funktionstr\u00e4gern, \u00dcbungsleitern und Schiedsrichtern) digital gespeichert:<\/p>\n\n\n\n<p>[u.a. Name, Adresse, Nationalit\u00e4t, Geburtsort, Geburtsdatum, Geschlecht, Telefonnummer, E-Mailadresse, Bankverbindung, Zeiten der Vereinszugeh\u00f6rigkeit]<\/p>\n\n\n\n<p><em>[Weitere Kategorien, deren Zwecke der Verarbeitung angegeben werden m\u00fcssen und ggf. einer Einwilligung bed\u00fcrfen, k\u00f6nnten sein:&nbsp;<\/em><\/p>\n\n\n\n<p><em>Eindeutige Identifikationsdaten wie Personal- oder Kundennummer, Bilder- und Videosequenzen, Sprachaufzeichnungen, Qualifikationsdaten, Leistungsbeurteilungsdaten, Daten \u00fcber pers\u00f6nliche Verh\u00e4ltnisse, Telekommunikations-Verbindungsdaten, Standortdaten]<\/em><\/p>\n\n\n\n<p>Die in der Beitrittserkl\u00e4rung f\u00fcr Mitglieder erhobenen personenbezogenen Daten werden ausschlie\u00dflich f\u00fcr die Durchf\u00fchrung des Mitgliedschaftsverh\u00e4ltnisses verarbeitet. Sie werden zum Zwecke der Mitgliederverwaltung, zur Organisation des Sportbetriebes, des Beitragseinzuges, der \u00dcbermittlung von Vereinsinformationen, der Einladung zu Versammlungen durch den Verein verarbeitet und genutzt.<\/p>\n\n\n\n<p>Eine \u00dcbermittlung von Teilen dieser Daten an die jeweiligen Sportfachverb\u00e4nde und den Bayerischen Landes-Sportverband e.V. (BLSV) findet nur im Rahmen der in den Satzungen der Fachverb\u00e4nde bzw. des BLSV festgelegten Zwecke statt. Diese Daten\u00fcbermittlungen sind notwendig zum Zweck der Mitgliederverwaltung, zum Zwecke der Organisation eines Spiel- bzw. Wettkampfbetriebes und zum Zwecke der Einwerbung von \u00f6ffentlichen F\u00f6rdermitteln. Eine Daten\u00fcbermittlung an Dritte, au\u00dferhalb der Fachverb\u00e4nde und des BLSV, findet nicht statt. Eine Datennutzung f\u00fcr Werbezwecke findet ebenfalls nicht statt.<\/p>\n\n\n\n<p>Ferner werden personenbezogene Daten zur Teilnahme am Wettkampf-, Turnier- und Spielbetrieb der Landesfachverb\u00e4nde an diese weitergeleitet.<\/p>\n\n\n\n<p>E-Mail-Adresse und Telefonnummer (soweit erhoben) werden vom&nbsp;TSV Opfenbach 1909 e.V.zum Zwecke der Kommunikation genutzt. [Es wird monatlich ein Newsletter mit aktuellen Informationen und Terminen versendet]. Eine \u00dcbermittlung von E-Mail-Adresse und Telefonnummer, wird weder an den BLSV oder die Fachverb\u00e4nde noch an Dritte vorgenommen.<\/p>\n\n\n\n<p>Im Zusammenhang mit seinem Sportbetrieb sowie sonstigen satzungsgem\u00e4\u00dfen Veranstaltungen ver\u00f6ffentlicht der Verein personenbezogene Daten und Fotos seiner Mitglieder in seiner Vereinszeitung sowie auf seiner Homepage und \u00fcbermittelt Daten und Fotos zur Ver\u00f6ffentlichung an Print- und Telemedien sowie elektronische Medien [Benennung der konkreten Medien].<\/p>\n\n\n\n<p>Eine anderweitige, \u00fcber die Erf\u00fcllung seiner satzungsgem\u00e4\u00dfen Aufgaben und Zwecke hinausgehende Datenverwendung ist dem Verein \u2013 abgesehen von einer ausdr\u00fccklichen Einwilligung \u2013 nur erlaubt, sofern er aufgrund einer rechtlichen Verpflichtung, der Erf\u00fcllung eines Vertrages oder zur Wahrung berechtigter Interessen, sofern nicht die Interessen der betroffenen Personen \u00fcberwiegen, hierzu verpflichtet ist. Ein Datenverkauf ist nicht statthaft.<\/p>\n\n\n\n<p>Beabsichtigt der&nbsp;TSV Opfenbach&nbsp;1909 e. V., die personenbezogenen Daten f\u00fcr einen anderen Zweck weiterzuverarbeiten als den, f\u00fcr den die personenbezogenen Daten erhoben wurden, so informiert er vor dieser Weiterverarbeitung die betroffenen Personen \u00fcber diesen anderen Zweck und holt sich ggf. die entsprechenden Einwilligungen.<\/p>\n\n\n\n<p><em>[Weitere m\u00f6gliche Zwecke, f\u00fcr die personenbezogene Daten verarbeitet werden k\u00f6nnten:<\/em><\/p>\n\n\n\n<p>\u2013&nbsp;&nbsp;&nbsp;&nbsp;&nbsp;&nbsp;<em>Verarbeitung der Daten von Besch\u00e4ftigten (z.B. Lohnabrechnung)<\/em><\/p>\n\n\n\n<p>\u2013&nbsp;&nbsp;&nbsp;&nbsp;&nbsp;&nbsp;<em>Verarbeitung der Daten der \u00dcbungsleiter und Weitergabe der Lizenzen (mit Daten) zum Erhalt von F\u00f6rderungen<\/em><\/p>\n\n\n\n<p>\u2013&nbsp;&nbsp;&nbsp;&nbsp;&nbsp;&nbsp;<em>Betrieb der Webseite (ggf. \u00fcber Hosting-Dienstleister)<\/em><\/p>\n\n\n\n<p>\u2013&nbsp;&nbsp;&nbsp;&nbsp;&nbsp;&nbsp;<em>Erstellung von Statistiken<\/em><\/p>\n\n\n\n<p>\u2013&nbsp;&nbsp;&nbsp;&nbsp;&nbsp;&nbsp;<em>Video\u00fcberwachung<\/em><\/p>\n\n\n\n<p>\u2013&nbsp;&nbsp;&nbsp;&nbsp;&nbsp;&nbsp;<em>Ehrungen\/ Jubil\u00e4en\/ Geburtstagsgratulation<\/em><\/p>\n\n\n\n<p>\u2013&nbsp;&nbsp;&nbsp;&nbsp;&nbsp;&nbsp;<em>Verwendung von besonderen Kategorien personenbezogener Daten (Gesundheitsdaten, rassische Daten o.\u00e4.)]<\/em><\/p>\n\n\n\n<ol start=\"4\" class=\"wp-block-list\">\n<li><strong>Rechtsgrundlagen, auf Grund derer die Verarbeitung erfolgt:<\/strong><\/li>\n<\/ol>\n\n\n\n<p>Die Verarbeitung der personenbezogenen Daten erfolgt in der Regel aufgrund der Erforderlichkeit zur Erf\u00fcllung eines Vertrages gem\u00e4\u00df Artikel 6 Abs. 1b DSGVO. Bei den Vertragsverh\u00e4ltnissen handelt es sich in erster Linie um das Mitgliedschaftsverh\u00e4ltnis im Verein und um die Teilnahme am Spielbetrieb der Fachverb\u00e4nde.<\/p>\n\n\n\n<p>Werden personenbezogene Daten erhoben, ohne dass die Verarbeitung zur Erf\u00fcllung des Vertrages erforderlich ist, erfolgt die Verarbeitung aufgrund einer Einwilligung nach Artikel 6 Abs. 1a DSGVO.<\/p>\n\n\n\n<p>Die Ver\u00f6ffentlichung personenbezogener Daten im Internet oder in lokalen oder regionalen Printmedien erfolgt zur Wahrung berechtigter Interessen des Vereins (Artikel 6 Abs. 1f DSGVO). Das berechtigte Interesse des Vereins besteht in der Information der \u00d6ffentlichkeit durch Berichtserstattung \u00fcber die Aktivit\u00e4ten des Vereins. In diesem Rahmen werden personenbezogene Daten einschlie\u00dflich von Bildern von sportbezogenen oder gesellschaftlichen Veranstaltungen sowie sportlichen Ereignissen auf der Webseite des Vereines oder sonstigen Vereinspublikationen&nbsp;[\u00dcbersteiger, Zeitungsartikel]ver\u00f6ffentlicht und an die Presse zum Zwecke der Ver\u00f6ffentlichung ohne spezielle Einwilligung weitergegeben.<\/p>\n\n\n\n<p>Abbildungen von genannten Einzelpersonen und identifizierbaren Gruppen hingegen bed\u00fcrfen einer Einwilligung der abgebildeten Personen.<\/p>\n\n\n\n<ol start=\"5\" class=\"wp-block-list\">\n<li><strong>Die Empf\u00e4nger und Kategorien von Empf\u00e4ngern der personenbezogenen Daten<\/strong><\/li>\n<\/ol>\n\n\n\n<p>Zugriff auf personenbezogene Daten haben beim&nbsp;TSV Opfenbach 1909 e. V.&nbsp;&nbsp;nur solche Personen, die diese Daten zur Durchf\u00fchrung ihrer Aufgaben innerhalb der verantwortlichen Stelle ben\u00f6tigen, die \u00fcber die gesetzlichen Bestimmungen zum Datenschutz informiert sind und sich gem\u00e4\u00df der geltenden gesetzlichen Bestimmungen verpflichtet haben, diese einzuhalten. Die Erhebung, Verarbeitung, Nutzung und \u00dcbermittlung der erhobenen personenbezogenen Daten erfolgt nach Art. 6. Abs. 1 EU-DSGVO, jeweils nur in dem Umfang, der f\u00fcr die Durchf\u00fchrung eines Vertragsverh\u00e4ltnisses zwischen dem&nbsp;TSV Opfenbach 1909 e. V., als verantwortlicher Stelle, und dem Mitglied als Betroffenem, erforderlich ist.<\/p>\n\n\n\n<p>Listen von Mitgliedern oder Teilnehmern werden den jeweiligen Mitarbeiterinnen und Mitarbeitern im Verein (z.B. Vorstandsmitgliedern, Abteilungsleitern, \u00dcbungsleitern) insofern zur Verf\u00fcgung gestellt, wie es die jeweilige Aufgabenstellung erfordert.<\/p>\n\n\n\n<p>Als Mitglied des BLSV ist der Verein verpflichtet, im Rahmen der Bestandsmeldung folgende Daten seiner Mitglieder an den BLSV zu melden: Name, Vorname, Geburtsdatum, Geschlecht, Sportartenzugeh\u00f6rigkeit.<\/p>\n\n\n\n<p>Die Meldung dient zu satzungsgem\u00e4\u00dfen Verwaltungs- und Organisationszwecken des BLSV und zur Versicherung der Mitglieder.<\/p>\n\n\n\n<p>Aus dem Betreiben bestimmter Sportarten&nbsp;[Fu\u00dfball, Tischtennis, Turnern]im Verein ergibt sich eine Zuordnung zu bestimmten Sportfachverb\u00e4nden&nbsp;[BTV, TTVWH, WFV].F\u00fcr deren satzungsgem\u00e4\u00dfe Verwaltungs- und Organisationszwecke bzw. zur Durchf\u00fchrung des Spiel- und Wettkampfbetriebes (Erwerb von Lizenzen, Wertungskarten, Spielerp\u00e4sse, sonstige Teilnahmeberechtigungen) werden die erforderlichen Daten betroffener Vereinsmitglieder im folgenden Umfang ebenfalls zur Verf\u00fcgung gestellt: Name, Vorname, Geburtsdatum, Geschlecht, Sportartenzugeh\u00f6rigkeit<\/p>\n\n\n\n<p>Die Daten der Bankverbindung der Mitglieder werden zum Zwecke des Beitragseinzugs an die Bank\/Sparkasse Musterstadt weitergeleitet.<\/p>\n\n\n\n<p>Zur Wahrnehmung satzungsgem\u00e4\u00dfer Mitgliederrechte kann bei Verlangen der Vorstand gegen die schriftliche Versicherung, dass die Adressen nicht zu anderen Zwecken verwendet werden, Mitgliedern,&nbsp;(Funktionstr\u00e4gern, \u00dcbungsleitern und Schiedsrichtern)bei Darlegung eines berechtigten Interesses Einsicht in das Mitgliederverzeichnis gew\u00e4hren (z.B. f\u00fcr die Mitgliederversammlung).<\/p>\n\n\n\n<p>Den Organen des Vereins, allen Mitarbeitern oder sonst f\u00fcr den Verein T\u00e4tigen ist es untersagt, personenbezogene Daten unbefugt zu anderen als dem zur jeweiligen Aufgabenerf\u00fcllung geh\u00f6renden Zweck zu verarbeiten, bekannt zu geben, Dritten zug\u00e4nglich zu machen oder sonst zu nutzen. Diese Pflicht besteht auch nach dem Ausscheiden des Mitglieds aus dem Verein fort.<\/p>\n\n\n\n<p>Die vereins- und personenbezogenen Daten werden durch geeignete technische und organisatorische Ma\u00dfnahmen vor dem Zugriff Dritter gesch\u00fctzt.<\/p>\n\n\n\n<p><strong>6.Speicherdauer und Speicherfristen<\/strong><\/p>\n\n\n\n<p>Die personenbezogenen Daten werden f\u00fcr die Dauer der Mitgliedschaft gespeichert.<\/p>\n\n\n\n<p>Bei Beendigung der Mitgliedschaft werden personenbezogene Daten gel\u00f6scht, sobald ihre Kenntnis nicht mehr erforderlich ist. Daten, die einer gesetzlichen oder satzungsm\u00e4\u00dfigen Aufbewahrungspflicht unterliegen, werden f\u00fcr die weitere Verwendung gesperrt und nach Ablauf der Aufbewahrungspflicht gel\u00f6scht.<\/p>\n\n\n\n<p><a href=\"http:\/\/TSV-opfenbach.de\">Bestimmte Datenkategorien werden zum Zweck der Vereinschronik im Vereinsarchiv bzw. auf der Homepage gespeichert.<\/a>[SB4]&nbsp;Hierbei handelt es sich um die Kategorien Vorname, Nachname, Zugeh\u00f6rigkeit zu einer Mannschaft, besondere sportliche Erfolge oder Ereignisse, an denen die betroffene Person mitgewirkt hat. Der Speicherung liegt ein berechtigtes Interesse des Vereins an der zeitgeschichtlichen Dokumentation von sportlichen Ereignissen und Erfolgen und der jeweiligen Zusammensetzung der Mannschaften zugrunde.&nbsp;Alle Daten der \u00fcbrigen Kategorien (z.B. Bankdaten, Anschrift, Kontaktdaten) werden mit Beendigung der Mitgliedschaft gel\u00f6scht.<\/p>\n\n\n\n<ol start=\"7\" class=\"wp-block-list\">\n<li><strong>Rechte der betroffenen Personen<\/strong><\/li>\n<\/ol>\n\n\n\n<p>Der betroffenen Person (Mitglied, Funktionstr\u00e4ger, \u00dcbungseiter, Trainer, Schiedsrichter) stehen unter den in den Artikeln jeweils genannten Voraussetzungen die nachfolgenden Rechte zu:<\/p>\n\n\n\n<p>1)&nbsp;&nbsp;Recht auf Auskunft:<\/p>\n\n\n\n<p>Jede betroffene Person kann Auskunft gem. Art. 15 DSGVO \u00fcber ihre vom&nbsp;TSV Opfenbach e. V. 1909verarbeiteten personenbezogenen Daten verlangen. Im Auskunftsantrag sollte das Anliegen pr\u00e4zisiert werden, um dem Verein das Zusammenstellen der erforderlichen Daten zu erleichtern. Unter bestimmten Umst\u00e4nden kann das Auskunftsrecht gem\u00e4\u00df den gesetzlichen Vorschriften (insbesondere \u00a7 34 BDSG und Art. 10 BayDSG) eingeschr\u00e4nkt sein.<\/p>\n\n\n\n<p>2) Recht auf Berichtigung:<\/p>\n\n\n\n<p>Die betroffene Person hat das Recht auf Berichtigung fehlerhafter Daten nach Art. 16 DSGVO.<\/p>\n\n\n\n<p>3) Recht auf L\u00f6schung:<\/p>\n\n\n\n<p>Die betroffene Person kann unter den Bedingungen des Art. 17 DSGVO die L\u00f6schung ihrer personenbezogenen Daten verlangen, soweit nicht rechtliche Regelungen entgegenstehen.<\/p>\n\n\n\n<p>4) Recht auf Einschr\u00e4nkung der Verarbeitung:<\/p>\n\n\n\n<p>Die betroffene Person haben im Rahmen der Vorgaben des Art. 18 DSGVO das Recht, eine Einschr\u00e4nkung der Verarbeitung der sie betreffenden Daten zu verlangen.<\/p>\n\n\n\n<p>5) Recht auf Daten\u00fcbertragbarkeit<\/p>\n\n\n\n<p>Die betroffene Person hat das Recht auf Daten\u00fcbertragbarkeit nach Art. 20 DSGVO.<\/p>\n\n\n\n<p>6) Recht auf Widerspruch:<\/p>\n\n\n\n<p>Die betroffene Person hat nach Art. 21 DSGVO das Recht, aus Gr\u00fcnden, die sich aus ihrer besonderen Situation ergeben, jederzeit&nbsp;das Recht, der Speicherung der Daten, die nicht im Rahmen der gesetzlichen Vorgaben f\u00fcr bestimmte Zeitr\u00e4ume vorgehalten werden m\u00fcssen, im Rahmen der Vorgaben der DSGVO f\u00fcr die Zukunft zu widersprechen.<\/p>\n\n\n\n<p>Wenn personenbezogene Daten auf Grundlage einer Einwilligung verarbeitet werden, hat die betroffene Person das Recht, die Einwilligung jederzeit mit Wirkung f\u00fcr die Zukunft gegen\u00fcber zu widerrufen.<\/p>\n\n\n\n<p>Ein Widerruf ist per E-Mail an&nbsp;<a href=\"https:\/\/web.archive.org\/web\/20210620004121\/https:\/\/tsv-opfenbach.de\/vorstand@tsv-opfenbach.de\">vorstand@tsv-opfenbach.de<\/a>&nbsp;&nbsp;zu richten.<\/p>\n\n\n\n<p>7) Recht auf Beschwerde:<\/p>\n\n\n\n<p>Wenn die betroffene Person der Auffassung ist, dass der TSV Opfenbach 1909 e. V. bei der Verarbeitung ihrer Daten datenschutzrechtliche Vorschriften nicht beachtet hat, kann sie sich&nbsp;nach Artikel 77 DSGVO&nbsp;mit einer Beschwerde an die Aufsichtsbeh\u00f6rde, das Bayerische Landesamt f\u00fcr Datenschutzaufsicht, wenden.<\/p>\n\n\n\n<p>Beim Auskunftsrecht und beim L\u00f6schungsrecht gelten die Beschr\u00e4nkungen aus \u00a7\u00a7 34, 35 BDSG.<\/p>\n\n\n\n<p>Stand 31.08.2018<\/p>\n","protected":false},"excerpt":{"rendered":"<p>Anbieter Turn- und Sportverein Opfenbach 1909 e. V. (TSV Opfenbach), 1. Vorsitzender Peter KlauberEllgasser Stra\u00dfe 4a88161 Lindenberg 0170-4886996 vorstand@tsv-opfenbach.de Sitz: Amtsgericht Kempten\/Registergericht, V 30161 Vorstand:Peter Klauber Vertretungsberechtigter Vorstand (\u00a726 BGB) Manfred Reis, 88138 Sigmarszell Verantwortlicher im Vorstand: Peter Klauber, 1. Vorsitzender Vereinssatzung (Stand 29.08.2019) Verantwortlich f\u00fcr die Gestaltung und den Inhalt der Internetseite: Simon Baur, &hellip; <\/p>\n<p class=\"link-more\"><a href=\"https:\/\/tsv-opfenbach.de\/?page_id=2551\" class=\"more-link\"><span class=\"screen-reader-text\">\u201eImpressum + Datenschutzrichtlinie + Beitrittserkl\u00e4rung\u201c <\/span>weiterlesen<\/a><\/p>\n","protected":false},"author":1,"featured_media":0,"parent":0,"menu_order":0,"comment_status":"closed","ping_status":"closed","template":"","meta":{"ngg_post_thumbnail":0,"footnotes":""},"class_list":["post-2551","page","type-page","status-publish","hentry"],"_links":{"self":[{"href":"https:\/\/tsv-opfenbach.de\/index.php?rest_route=\/wp\/v2\/pages\/2551","targetHints":{"allow":["GET"]}}],"collection":[{"href":"https:\/\/tsv-opfenbach.de\/index.php?rest_route=\/wp\/v2\/pages"}],"about":[{"href":"https:\/\/tsv-opfenbach.de\/index.php?rest_route=\/wp\/v2\/types\/page"}],"author":[{"embeddable":true,"href":"https:\/\/tsv-opfenbach.de\/index.php?rest_route=\/wp\/v2\/users\/1"}],"replies":[{"embeddable":true,"href":"https:\/\/tsv-opfenbach.de\/index.php?rest_route=%2Fwp%2Fv2%2Fcomments&post=2551"}],"version-history":[{"count":2,"href":"https:\/\/tsv-opfenbach.de\/index.php?rest_route=\/wp\/v2\/pages\/2551\/revisions"}],"predecessor-version":[{"id":2739,"href":"https:\/\/tsv-opfenbach.de\/index.php?rest_route=\/wp\/v2\/pages\/2551\/revisions\/2739"}],"wp:attachment":[{"href":"https:\/\/tsv-opfenbach.de\/index.php?rest_route=%2Fwp%2Fv2%2Fmedia&parent=2551"}],"curies":[{"name":"wp","href":"https:\/\/api.w.org\/{rel}","templated":true}]}}