{"id":2072,"date":"2022-10-20T20:43:50","date_gmt":"2022-10-20T19:43:50","guid":{"rendered":"http:\/\/tsv-opfenbach.de\/?page_id=2072"},"modified":"2026-03-29T18:21:23","modified_gmt":"2026-03-29T17:21:23","slug":"hallen-und-platzbelegungsplan-herbst-winter-2022-23","status":"publish","type":"page","link":"https:\/\/tsv-opfenbach.de\/?page_id=2072","title":{"rendered":"Hallen- und Platzbelegungsplan Sommer 2026"},"content":{"rendered":"\n<div data-wp-interactive=\"core\/file\" class=\"wp-block-file\"><object data-wp-bind--hidden=\"!state.hasPdfPreview\" hidden class=\"wp-block-file__embed\" data=\"https:\/\/tsv-opfenbach.de\/wp-content\/uploads\/2026\/03\/cid9DC7EAF6-9F26-428A-A8CA-C89C61010C31.pdf\" type=\"application\/pdf\" style=\"width:100%;height:600px\" aria-label=\"Einbettung von Hallen- und Platzbelegung Sommer 2026.\"><\/object><a id=\"wp-block-file--media-9342f57c-d573-4148-b79d-8b1421112d8d\" href=\"https:\/\/tsv-opfenbach.de\/wp-content\/uploads\/2026\/03\/cid9DC7EAF6-9F26-428A-A8CA-C89C61010C31.pdf\">Hallen- und Platzbelegung Sommer 2026<\/a><a href=\"https:\/\/tsv-opfenbach.de\/wp-content\/uploads\/2026\/03\/cid9DC7EAF6-9F26-428A-A8CA-C89C61010C31.pdf\" class=\"wp-block-file__button wp-element-button\" download aria-describedby=\"wp-block-file--media-9342f57c-d573-4148-b79d-8b1421112d8d\">Download<\/a><\/div>\n\n\n\n<p>\u00c4nderungen oder Ausnahmen nur nach R\u00fccksprache mit den jeweiligen \u00dcbungsleitern.&nbsp;<\/p>\n\n\n\n<p><br><br>F\u00fcr den TSV Peter Klauber Tel. 08381 9290132<\/p>\n\n\n<a href=\"https:\/\/tsv-opfenbach.de\/wp-content\/uploads\/2026\/03\/cid9DC7EAF6-9F26-428A-A8CA-C89C61010C31.pdf\" class=\"pdfemb-viewer\" style=\"\" data-width=\"max\" data-height=\"max\" data-toolbar=\"bottom\" data-toolbar-fixed=\"off\">cid9DC7EAF6-9F26-428A-A8CA-C89C61010C31<\/a>","protected":false},"excerpt":{"rendered":"<p>\u00c4nderungen oder Ausnahmen nur nach R\u00fccksprache mit den jeweiligen \u00dcbungsleitern.&nbsp; F\u00fcr den TSV Peter Klauber Tel. 08381 9290132<\/p>\n","protected":false},"author":1,"featured_media":0,"parent":0,"menu_order":0,"comment_status":"closed","ping_status":"closed","template":"","meta":{"ngg_post_thumbnail":0,"footnotes":""},"class_list":["post-2072","page","type-page","status-publish","hentry"],"_links":{"self":[{"href":"https:\/\/tsv-opfenbach.de\/index.php?rest_route=\/wp\/v2\/pages\/2072","targetHints":{"allow":["GET"]}}],"collection":[{"href":"https:\/\/tsv-opfenbach.de\/index.php?rest_route=\/wp\/v2\/pages"}],"about":[{"href":"https:\/\/tsv-opfenbach.de\/index.php?rest_route=\/wp\/v2\/types\/page"}],"author":[{"embeddable":true,"href":"https:\/\/tsv-opfenbach.de\/index.php?rest_route=\/wp\/v2\/users\/1"}],"replies":[{"embeddable":true,"href":"https:\/\/tsv-opfenbach.de\/index.php?rest_route=%2Fwp%2Fv2%2Fcomments&post=2072"}],"version-history":[{"count":12,"href":"https:\/\/tsv-opfenbach.de\/index.php?rest_route=\/wp\/v2\/pages\/2072\/revisions"}],"predecessor-version":[{"id":2924,"href":"https:\/\/tsv-opfenbach.de\/index.php?rest_route=\/wp\/v2\/pages\/2072\/revisions\/2924"}],"wp:attachment":[{"href":"https:\/\/tsv-opfenbach.de\/index.php?rest_route=%2Fwp%2Fv2%2Fmedia&parent=2072"}],"curies":[{"name":"wp","href":"https:\/\/api.w.org\/{rel}","templated":true}]}}